{"id":5408,"date":"2024-03-23T23:55:46","date_gmt":"2024-03-23T23:55:46","guid":{"rendered":"https:\/\/www.jaashow.fi\/?page_id=5408"},"modified":"2025-03-22T09:16:35","modified_gmt":"2025-03-22T09:16:35","slug":"vip-biljetter","status":"publish","type":"page","link":"https:\/\/www.jaashow.fi\/se\/jaashow\/askungen\/vip-biljetter\/","title":{"rendered":"VIP-biljetter"},"content":{"rendered":"\t\t<div data-elementor-type=\"wp-page\" data-elementor-id=\"5408\" class=\"elementor elementor-5408\">\n\t\t\t\t\t\t<section class=\"elementor-section elementor-top-section elementor-element elementor-element-26ee302c elementor-section-full_width elementor-section-content-middle elementor-section-height-default elementor-section-height-default\" data-id=\"26ee302c\" data-element_type=\"section\" data-e-type=\"section\">\n\t\t\t\t\t\t<div class=\"elementor-container elementor-column-gap-default\">\n\t\t\t\t\t<div class=\"elementor-column elementor-col-100 elementor-top-column elementor-element elementor-element-54ee1033\" data-id=\"54ee1033\" data-element_type=\"column\" data-e-type=\"column\">\n\t\t\t<div class=\"elementor-widget-wrap elementor-element-populated\">\n\t\t\t\t\t\t<div class=\"elementor-element elementor-element-62a696a elementor-widget elementor-widget-heading\" data-id=\"62a696a\" data-element_type=\"widget\" data-e-type=\"widget\" data-widget_type=\"heading.default\">\n\t\t\t\t<div class=\"elementor-widget-container\">\n\t\t\t\t\t<h2 class=\"elementor-heading-title elementor-size-default\">VIP-biljetts-information<\/h2>\t\t\t\t<\/div>\n\t\t\t\t<\/div>\n\t\t\t\t\t<\/div>\n\t\t<\/div>\n\t\t\t\t\t<\/div>\n\t\t<\/section>\n\t\t<div class=\"elementor-element elementor-element-4ddff2b e-flex e-con-boxed e-con e-parent\" data-id=\"4ddff2b\" data-element_type=\"container\" data-e-type=\"container\">\n\t\t\t\t\t<div class=\"e-con-inner\">\n\t\t\t\t<div class=\"elementor-element elementor-element-96a0699 elementor-widget elementor-widget-text-editor\" data-id=\"96a0699\" data-element_type=\"widget\" data-e-type=\"widget\" data-widget_type=\"text-editor.default\">\n\t\t\t\t<div class=\"elementor-widget-container\">\n\t\t\t\t\t\t\t\t\t<h3><strong>VIP &#8211; F\u00d6RM\u00c5NER<\/strong><\/h3>\n<ul>\n \t<li>F\u00f6r dem som k\u00f6per VIP-biljetter \u00e4r den b\u00e4sta sittplatsen reserverad.<\/li>\n \t<li>Egen ing\u00e5ng fr\u00e5n parkeringsplatsen vid Helsingfors Ishall. Om du vill kan du ocks\u00e5 anv\u00e4nda huvudentr\u00e9n fr\u00e5n Nordenski\u00f6ldsgatan.<\/li>\n \t<li>Meet &amp; Greet: M\u00f6te med karakt\u00e4rerna innan f\u00f6rest\u00e4llningen.<\/li>\n<\/ul>\n<h3><strong>ANL\u00c4NDANDE<\/strong><\/h3>\nAnl\u00e4nd till d\u00f6rrarna vid Helsingfors ishall parkeringsplats (anvisningar f\u00f6r ankomst till Helsingfors ishall), <strong>D-sektionen<\/strong>, <strong>VIP-skylt<\/strong> ovanf\u00f6r ing\u00e5ngen. Ankomstinstruktioner till Helsingfors Ishall finns <a href=\"https:\/\/www.jaashow.fi\/se\/ankkomst\/\">h\u00e4r<\/a>.\n\n<strong>F\u00d6REST\u00c4LLNINGEN<\/strong> <strong>I<\/strong>\u2013 VIP-ing\u00e5ngen \u00f6ppnar kl. 11:15\n\n<strong>F\u00d6REST\u00c4LLNINGEN II<\/strong> \u2013 VIP-ing\u00e5ngen \u00f6ppnar kl. 15:15\n<h3><strong>MEET &amp; GREET &#8211; M\u00f6testider<\/strong><\/h3>\n<strong>F\u00d6REST\u00c4LLNINGEN I<\/strong> \u2013 M\u00f6tet med karakt\u00e4rerna \u00e4r fr\u00e5n kl. 11:30 till 12:00. (F\u00f6rest\u00e4llningen b\u00f6rjar kl. 12:30)\n\n<strong>F\u00d6REST\u00c4LLNINGEN II<\/strong> \u2013 M\u00f6tet med karakt\u00e4rerna \u00e4r fr\u00e5n kl. 15:30 till 16:00. (F\u00f6rest\u00e4llningen b\u00f6rjar kl. 16:30)\n<ul>\n \t<li><strong>Plats:<\/strong> F-sektionen, ing\u00e5ngen direkt till v\u00e4nster om VIP-ing\u00e5ngen. En biljettkontrollant visar dig till m\u00f6tesplatsen.<\/li>\n \t<li>V\u00e4nligen kom i tid och ha din kamera redo f\u00f6r en gruppbild.<\/li>\n \t<li><strong>VIP-sittplats:<\/strong> Kom ih\u00e5g att visa din VIP-biljett f\u00f6r personalen n\u00e4r du g\u00e5r till VIP-sittplatsen.<\/li>\n<\/ul>\n<h3><strong>VIKTIGT OM BILJETTER<\/strong><\/h3>\n<ul>\n \t<li>Intr\u00e4de sker endast via <a href=\"https:\/\/www.lippu.fi\/campaign\/se\/pass\">Lippu.fi-appen<\/a> (inga fysiska biljetter).<\/li>\n \t<li>Kontrollera att din biljett fungerar i f\u00f6rv\u00e4g under &#8221;Mina evenemang&#8221;.<\/li>\n \t<li>Offline-biljett \u00e4r tillg\u00e4nglig i appen efter bekr\u00e4ftelse.<\/li>\n \t<li>Om du har k\u00f6pt biljetterna som en present, v\u00e4nligen vidarebefordra dessa instruktioner till biljetternas mottagare.<\/li>\n<\/ul>\n<BR>\n<STRONG>Om du har k\u00f6pt biljetterna som en present, v\u00e4nligen vidarebefordra dessa instruktioner till biljetternas mottagare.<\/STRONG>\t\t\t\t\t\t\t\t<\/div>\n\t\t\t\t<\/div>\n\t\t\t\t<div class=\"elementor-element elementor-element-fd6d895 elementor-hidden-desktop elementor-hidden-tablet elementor-hidden-mobile elementor-widget elementor-widget-text-editor\" data-id=\"fd6d895\" data-element_type=\"widget\" data-e-type=\"widget\" data-widget_type=\"text-editor.default\">\n\t\t\t\t<div class=\"elementor-widget-container\">\n\t\t\t\t\t\t\t\t\t<p><strong style=\"font-size: 1.5em;\">VIKTIGT OM BILJETTER<\/strong><\/p><ul><li>Intr\u00e4de sker endast via <a href=\"https:\/\/www.lippu.fi\/campaign\/se\/pass\">Lippu.fi-appen<\/a> (inga fysiska biljetter).<\/li><li>Kontrollera att din biljett fungerar i f\u00f6rv\u00e4g under &#8221;Mina evenemang&#8221;.<\/li><li>Offline-biljett \u00e4r tillg\u00e4nglig i appen efter bekr\u00e4ftelse.<\/li><\/ul>\t\t\t\t\t\t\t\t<\/div>\n\t\t\t\t<\/div>\n\t\t\t\t\t<\/div>\n\t\t\t\t<\/div>\n\t\t<div class=\"elementor-element elementor-element-602326ad e-flex e-con-boxed e-con e-parent\" data-id=\"602326ad\" data-element_type=\"container\" data-e-type=\"container\" data-settings=\"{&quot;background_background&quot;:&quot;classic&quot;}\">\n\t\t\t\t\t<div class=\"e-con-inner\">\n\t\t<div class=\"elementor-element elementor-element-1412c59e e-con-full e-flex e-con e-child\" data-id=\"1412c59e\" data-element_type=\"container\" data-e-type=\"container\">\n\t\t\t\t<div class=\"elementor-element elementor-element-3f7226f4 elementor-widget__width-initial elementor-widget-tablet__width-initial elementor-widget-mobile__width-initial elementor-widget elementor-widget-text-editor\" data-id=\"3f7226f4\" data-element_type=\"widget\" data-e-type=\"widget\" data-widget_type=\"text-editor.default\">\n\t\t\t\t<div class=\"elementor-widget-container\">\n\t\t\t\t\t\t\t\t\t<p>V\u00e4lkommen att njuta av en of\u00f6rgl\u00f6mlig isupplevelse! <br \/>L\u00e4r k\u00e4nna isshowens roller och artister i f\u00f6rv\u00e4g!<\/p>\t\t\t\t\t\t\t\t<\/div>\n\t\t\t\t<\/div>\n\t\t<div class=\"elementor-element elementor-element-2172383f e-flex e-con-boxed e-con e-child\" data-id=\"2172383f\" data-element_type=\"container\" data-e-type=\"container\">\n\t\t\t\t\t<div class=\"e-con-inner\">\n\t\t\t\t<div class=\"elementor-element elementor-element-112c0994 elementor-widget elementor-widget-button\" data-id=\"112c0994\" data-element_type=\"widget\" data-e-type=\"widget\" data-widget_type=\"button.default\">\n\t\t\t\t<div class=\"elementor-widget-container\">\n\t\t\t\t\t\t\t\t\t<div class=\"elementor-button-wrapper\">\n\t\t\t\t\t<a class=\"elementor-button elementor-button-link elementor-size-sm\" href=\"https:\/\/www.jaashow.fi\/tuhkimo\/roolit\/\">\n\t\t\t\t\t\t<span class=\"elementor-button-content-wrapper\">\n\t\t\t\t\t\t\t\t\t<span class=\"elementor-button-text\">ROLLER OCH FRAMF\u00d6RARE (FI)<\/span>\n\t\t\t\t\t<\/span>\n\t\t\t\t\t<\/a>\n\t\t\t\t<\/div>\n\t\t\t\t\t\t\t\t<\/div>\n\t\t\t\t<\/div>\n\t\t\t\t\t<\/div>\n\t\t\t\t<\/div>\n\t\t\t\t<\/div>\n\t\t<div class=\"elementor-element elementor-element-5a14b0fe e-con-full e-flex e-con e-child\" data-id=\"5a14b0fe\" data-element_type=\"container\" data-e-type=\"container\">\n\t\t\t\t<div class=\"elementor-element elementor-element-5918e198 elementor-widget__width-initial elementor-widget-mobile__width-initial elementor-widget elementor-widget-image\" data-id=\"5918e198\" data-element_type=\"widget\" data-e-type=\"widget\" data-widget_type=\"image.default\">\n\t\t\t\t<div class=\"elementor-widget-container\">\n\t\t\t\t\t\t\t\t\t\t\t\t\t\t\t<img fetchpriority=\"high\" decoding=\"async\" width=\"683\" height=\"1024\" src=\"https:\/\/www.jaashow.fi\/wp-content\/uploads\/2025\/03\/SJ_HL_Tuhkimo-60-1-2.avif\" class=\"attachment-medium_large size-medium_large wp-image-7583\" alt=\"Helsingin Luistelijat - yksinluistelijat\" srcset=\"https:\/\/www.jaashow.fi\/wp-content\/uploads\/2025\/03\/SJ_HL_Tuhkimo-60-1-2.avif 683w, https:\/\/www.jaashow.fi\/wp-content\/uploads\/2025\/03\/SJ_HL_Tuhkimo-60-1-2-200x300.avif 200w\" sizes=\"(max-width: 683px) 100vw, 683px\" \/>\t\t\t\t\t\t\t\t\t\t\t\t\t\t\t<\/div>\n\t\t\t\t<\/div>\n\t\t\t\t<\/div>\n\t\t\t\t\t<\/div>\n\t\t\t\t<\/div>\n\t\t\t\t<\/div>\n\t\t","protected":false},"excerpt":{"rendered":"<p>Premier-lippujen etu Ohjeet Liput lahjaksi: \u00a0Jos olet ostanut liput lahjaksi, v\u00e4lit\u00e4 n\u00e4m\u00e4 ohjeet eteenp\u00e4in lippujen saajalle. Hahmojen tapaamishetket N\u00c4YT\u00d6S I [&hellip;]<\/p>\n","protected":false},"author":1,"featured_media":0,"parent":1629,"menu_order":0,"comment_status":"closed","ping_status":"closed","template":"","meta":{"site-sidebar-layout":"default","site-content-layout":"","ast-site-content-layout":"default","site-content-style":"default","site-sidebar-style":"default","ast-global-header-display":"","ast-banner-title-visibility":"","ast-main-header-display":"","ast-hfb-above-header-display":"","ast-hfb-below-header-display":"","ast-hfb-mobile-header-display":"","site-post-title":"disabled","ast-breadcrumbs-content":"","ast-featured-img":"","footer-sml-layout":"","ast-disable-related-posts":"","theme-transparent-header-meta":"","adv-header-id-meta":"","stick-header-meta":"","header-above-stick-meta":"","header-main-stick-meta":"","header-below-stick-meta":"","astra-migrate-meta-layouts":"default","ast-page-background-enabled":"default","ast-page-background-meta":{"desktop":{"background-color":"var(--ast-global-color-4)","background-image":"","background-repeat":"repeat","background-position":"center center","background-size":"auto","background-attachment":"scroll","background-type":"","background-media":"","overlay-type":"","overlay-color":"","overlay-opacity":"","overlay-gradient":""},"tablet":{"background-color":"","background-image":"","background-repeat":"repeat","background-position":"center center","background-size":"auto","background-attachment":"scroll","background-type":"","background-media":"","overlay-type":"","overlay-color":"","overlay-opacity":"","overlay-gradient":""},"mobile":{"background-color":"","background-image":"","background-repeat":"repeat","background-position":"center center","background-size":"auto","background-attachment":"scroll","background-type":"","background-media":"","overlay-type":"","overlay-color":"","overlay-opacity":"","overlay-gradient":""}},"ast-content-background-meta":{"desktop":{"background-color":"var(--ast-global-color-5)","background-image":"","background-repeat":"repeat","background-position":"center center","background-size":"auto","background-attachment":"scroll","background-type":"","background-media":"","overlay-type":"","overlay-color":"","overlay-opacity":"","overlay-gradient":""},"tablet":{"background-color":"var(--ast-global-color-5)","background-image":"","background-repeat":"repeat","background-position":"center center","background-size":"auto","background-attachment":"scroll","background-type":"","background-media":"","overlay-type":"","overlay-color":"","overlay-opacity":"","overlay-gradient":""},"mobile":{"background-color":"var(--ast-global-color-5)","background-image":"","background-repeat":"repeat","background-position":"center center","background-size":"auto","background-attachment":"scroll","background-type":"","background-media":"","overlay-type":"","overlay-color":"","overlay-opacity":"","overlay-gradient":""}},"footnotes":""},"class_list":["post-5408","page","type-page","status-publish","hentry"],"yoast_head":"<!-- This site is optimized with the Yoast SEO plugin v27.4 - https:\/\/yoast.com\/product\/yoast-seo-wordpress\/ -->\n<title>VIP-biljetter<\/title>\n<meta name=\"robots\" content=\"index, follow, max-snippet:-1, max-image-preview:large, max-video-preview:-1\" \/>\n<link rel=\"canonical\" href=\"https:\/\/www.jaashow.fi\/se\/jaashow\/askungen\/vip-biljetter\/\" \/>\n<meta property=\"og:locale\" content=\"sv_SE\" \/>\n<meta property=\"og:locale:alternate\" content=\"fi\" \/>\n<meta property=\"og:type\" content=\"article\" \/>\n<meta property=\"og:title\" content=\"VIP-biljetter\" \/>\n<meta property=\"og:description\" content=\"Premier-lippujen etu Ohjeet Liput lahjaksi: \u00a0Jos olet ostanut liput lahjaksi, v\u00e4lit\u00e4 n\u00e4m\u00e4 ohjeet eteenp\u00e4in lippujen saajalle. Hahmojen tapaamishetket N\u00c4YT\u00d6S I [&hellip;]\" \/>\n<meta property=\"og:url\" content=\"https:\/\/www.jaashow.fi\/se\/jaashow\/askungen\/vip-biljetter\/\" \/>\n<meta property=\"og:site_name\" content=\"J&auml;&auml;show\" \/>\n<meta property=\"article:publisher\" content=\"https:\/\/www.instagram.com\/jaashowpienimerenneito\/\" \/>\n<meta property=\"article:modified_time\" content=\"2025-03-22T09:16:35+00:00\" \/>\n<meta property=\"og:image\" content=\"https:\/\/www.jaashow.fi\/wp-content\/uploads\/2025\/03\/SJ_HL_Tuhkimo-60-1-2.avif\" \/>\n<meta name=\"twitter:card\" content=\"summary_large_image\" \/>\n<meta name=\"twitter:label1\" content=\"Ber\u00e4knad l\u00e4stid\" \/>\n\t<meta name=\"twitter:data1\" content=\"2 minuter\" \/>\n<script type=\"application\/ld+json\" class=\"yoast-schema-graph\">{\"@context\":\"https:\\\/\\\/schema.org\",\"@graph\":[{\"@type\":\"WebPage\",\"@id\":\"https:\\\/\\\/www.jaashow.fi\\\/jaashow\\\/askungen\\\/vip-biljetter\\\/\",\"url\":\"https:\\\/\\\/www.jaashow.fi\\\/jaashow\\\/askungen\\\/vip-biljetter\\\/\",\"name\":\"VIP-biljetter\",\"isPartOf\":{\"@id\":\"https:\\\/\\\/www.jaashow.fi\\\/#website\"},\"primaryImageOfPage\":{\"@id\":\"https:\\\/\\\/www.jaashow.fi\\\/jaashow\\\/askungen\\\/vip-biljetter\\\/#primaryimage\"},\"image\":{\"@id\":\"https:\\\/\\\/www.jaashow.fi\\\/jaashow\\\/askungen\\\/vip-biljetter\\\/#primaryimage\"},\"thumbnailUrl\":\"https:\\\/\\\/www.jaashow.fi\\\/wp-content\\\/uploads\\\/2025\\\/03\\\/SJ_HL_Tuhkimo-60-1-2.avif\",\"datePublished\":\"2024-03-23T23:55:46+00:00\",\"dateModified\":\"2025-03-22T09:16:35+00:00\",\"breadcrumb\":{\"@id\":\"https:\\\/\\\/www.jaashow.fi\\\/jaashow\\\/askungen\\\/vip-biljetter\\\/#breadcrumb\"},\"inLanguage\":\"fi\",\"potentialAction\":[{\"@type\":\"ReadAction\",\"target\":[\"https:\\\/\\\/www.jaashow.fi\\\/jaashow\\\/askungen\\\/vip-biljetter\\\/\"]}]},{\"@type\":\"ImageObject\",\"inLanguage\":\"fi\",\"@id\":\"https:\\\/\\\/www.jaashow.fi\\\/jaashow\\\/askungen\\\/vip-biljetter\\\/#primaryimage\",\"url\":\"https:\\\/\\\/www.jaashow.fi\\\/wp-content\\\/uploads\\\/2025\\\/03\\\/SJ_HL_Tuhkimo-60-1-2.avif\",\"contentUrl\":\"https:\\\/\\\/www.jaashow.fi\\\/wp-content\\\/uploads\\\/2025\\\/03\\\/SJ_HL_Tuhkimo-60-1-2.avif\"},{\"@type\":\"BreadcrumbList\",\"@id\":\"https:\\\/\\\/www.jaashow.fi\\\/jaashow\\\/askungen\\\/vip-biljetter\\\/#breadcrumb\",\"itemListElement\":[{\"@type\":\"ListItem\",\"position\":1,\"name\":\"Etusivu\",\"item\":\"https:\\\/\\\/www.jaashow.fi\\\/\"},{\"@type\":\"ListItem\",\"position\":2,\"name\":\"J\u00e4\u00e4show\",\"item\":\"https:\\\/\\\/www.jaashow.fi\\\/\"},{\"@type\":\"ListItem\",\"position\":3,\"name\":\"Askungen\",\"item\":\"https:\\\/\\\/www.jaashow.fi\\\/jaashow\\\/askungen\\\/\"},{\"@type\":\"ListItem\",\"position\":4,\"name\":\"VIP-biljetter\"}]},{\"@type\":\"WebSite\",\"@id\":\"https:\\\/\\\/www.jaashow.fi\\\/#website\",\"url\":\"https:\\\/\\\/www.jaashow.fi\\\/\",\"name\":\"J\u00e4\u00e4show Pieni Merenneito\",\"description\":\"J&auml;&auml;show Tuhkimo\",\"publisher\":{\"@id\":\"https:\\\/\\\/www.jaashow.fi\\\/#organization\"},\"potentialAction\":[{\"@type\":\"SearchAction\",\"target\":{\"@type\":\"EntryPoint\",\"urlTemplate\":\"https:\\\/\\\/www.jaashow.fi\\\/?s={search_term_string}\"},\"query-input\":{\"@type\":\"PropertyValueSpecification\",\"valueRequired\":true,\"valueName\":\"search_term_string\"}}],\"inLanguage\":\"fi\"},{\"@type\":\"Organization\",\"@id\":\"https:\\\/\\\/www.jaashow.fi\\\/#organization\",\"name\":\"Suomen Suurin J\u00e4\u00e4show\",\"url\":\"https:\\\/\\\/www.jaashow.fi\\\/\",\"logo\":{\"@type\":\"ImageObject\",\"inLanguage\":\"fi\",\"@id\":\"https:\\\/\\\/www.jaashow.fi\\\/#\\\/schema\\\/logo\\\/image\\\/\",\"url\":\"https:\\\/\\\/www.jaashow.fi\\\/wp-content\\\/uploads\\\/2024\\\/12\\\/cropped-LOGO-Suuomen-suurin-jaashow-png.avif\",\"contentUrl\":\"https:\\\/\\\/www.jaashow.fi\\\/wp-content\\\/uploads\\\/2024\\\/12\\\/cropped-LOGO-Suuomen-suurin-jaashow-png.avif\",\"width\":338,\"height\":280,\"caption\":\"Suomen Suurin J\u00e4\u00e4show\"},\"image\":{\"@id\":\"https:\\\/\\\/www.jaashow.fi\\\/#\\\/schema\\\/logo\\\/image\\\/\"},\"sameAs\":[\"https:\\\/\\\/www.instagram.com\\\/jaashowpienimerenneito\\\/\"]}]}<\/script>\n<!-- \/ Yoast SEO plugin. -->","yoast_head_json":{"title":"VIP-biljetter","robots":{"index":"index","follow":"follow","max-snippet":"max-snippet:-1","max-image-preview":"max-image-preview:large","max-video-preview":"max-video-preview:-1"},"canonical":"https:\/\/www.jaashow.fi\/se\/jaashow\/askungen\/vip-biljetter\/","og_locale":"sv_SE","og_type":"article","og_title":"[:fi]VIP-biljetter[:] - J&auml;&auml;show","og_description":"Premier-lippujen etu Ohjeet Liput lahjaksi: \u00a0Jos olet ostanut liput lahjaksi, v\u00e4lit\u00e4 n\u00e4m\u00e4 ohjeet eteenp\u00e4in lippujen saajalle. Hahmojen tapaamishetket N\u00c4YT\u00d6S I [&hellip;]","og_url":"https:\/\/www.jaashow.fi\/se\/jaashow\/askungen\/vip-biljetter\/","og_site_name":"J&auml;&auml;show","article_publisher":"https:\/\/www.instagram.com\/jaashowpienimerenneito\/","article_modified_time":"2025-03-22T09:16:35+00:00","og_image":[{"url":"https:\/\/www.jaashow.fi\/wp-content\/uploads\/2025\/03\/SJ_HL_Tuhkimo-60-1-2.avif","type":"","width":"","height":""}],"twitter_card":"summary_large_image","twitter_misc":{"Ber\u00e4knad l\u00e4stid":"2 minuter"},"schema":{"@context":"https:\/\/schema.org","@graph":[{"@type":"WebPage","@id":"https:\/\/www.jaashow.fi\/jaashow\/askungen\/vip-biljetter\/","url":"https:\/\/www.jaashow.fi\/jaashow\/askungen\/vip-biljetter\/","name":"VIP-biljetter","isPartOf":{"@id":"https:\/\/www.jaashow.fi\/#website"},"primaryImageOfPage":{"@id":"https:\/\/www.jaashow.fi\/jaashow\/askungen\/vip-biljetter\/#primaryimage"},"image":{"@id":"https:\/\/www.jaashow.fi\/jaashow\/askungen\/vip-biljetter\/#primaryimage"},"thumbnailUrl":"https:\/\/www.jaashow.fi\/wp-content\/uploads\/2025\/03\/SJ_HL_Tuhkimo-60-1-2.avif","datePublished":"2024-03-23T23:55:46+00:00","dateModified":"2025-03-22T09:16:35+00:00","breadcrumb":{"@id":"https:\/\/www.jaashow.fi\/jaashow\/askungen\/vip-biljetter\/#breadcrumb"},"inLanguage":"fi","potentialAction":[{"@type":"ReadAction","target":["https:\/\/www.jaashow.fi\/jaashow\/askungen\/vip-biljetter\/"]}]},{"@type":"ImageObject","inLanguage":"fi","@id":"https:\/\/www.jaashow.fi\/jaashow\/askungen\/vip-biljetter\/#primaryimage","url":"https:\/\/www.jaashow.fi\/wp-content\/uploads\/2025\/03\/SJ_HL_Tuhkimo-60-1-2.avif","contentUrl":"https:\/\/www.jaashow.fi\/wp-content\/uploads\/2025\/03\/SJ_HL_Tuhkimo-60-1-2.avif"},{"@type":"BreadcrumbList","@id":"https:\/\/www.jaashow.fi\/jaashow\/askungen\/vip-biljetter\/#breadcrumb","itemListElement":[{"@type":"ListItem","position":1,"name":"Etusivu","item":"https:\/\/www.jaashow.fi\/"},{"@type":"ListItem","position":2,"name":"J\u00e4\u00e4show","item":"https:\/\/www.jaashow.fi\/"},{"@type":"ListItem","position":3,"name":"Askungen","item":"https:\/\/www.jaashow.fi\/jaashow\/askungen\/"},{"@type":"ListItem","position":4,"name":"VIP-biljetter"}]},{"@type":"WebSite","@id":"https:\/\/www.jaashow.fi\/#website","url":"https:\/\/www.jaashow.fi\/","name":"J\u00e4\u00e4show Pieni Merenneito","description":"J&auml;&auml;show Tuhkimo","publisher":{"@id":"https:\/\/www.jaashow.fi\/#organization"},"potentialAction":[{"@type":"SearchAction","target":{"@type":"EntryPoint","urlTemplate":"https:\/\/www.jaashow.fi\/?s={search_term_string}"},"query-input":{"@type":"PropertyValueSpecification","valueRequired":true,"valueName":"search_term_string"}}],"inLanguage":"fi"},{"@type":"Organization","@id":"https:\/\/www.jaashow.fi\/#organization","name":"Suomen Suurin J\u00e4\u00e4show","url":"https:\/\/www.jaashow.fi\/","logo":{"@type":"ImageObject","inLanguage":"fi","@id":"https:\/\/www.jaashow.fi\/#\/schema\/logo\/image\/","url":"https:\/\/www.jaashow.fi\/wp-content\/uploads\/2024\/12\/cropped-LOGO-Suuomen-suurin-jaashow-png.avif","contentUrl":"https:\/\/www.jaashow.fi\/wp-content\/uploads\/2024\/12\/cropped-LOGO-Suuomen-suurin-jaashow-png.avif","width":338,"height":280,"caption":"Suomen Suurin J\u00e4\u00e4show"},"image":{"@id":"https:\/\/www.jaashow.fi\/#\/schema\/logo\/image\/"},"sameAs":["https:\/\/www.instagram.com\/jaashowpienimerenneito\/"]}]}},"_links":{"self":[{"href":"https:\/\/www.jaashow.fi\/se\/wp-json\/wp\/v2\/pages\/5408","targetHints":{"allow":["GET"]}}],"collection":[{"href":"https:\/\/www.jaashow.fi\/se\/wp-json\/wp\/v2\/pages"}],"about":[{"href":"https:\/\/www.jaashow.fi\/se\/wp-json\/wp\/v2\/types\/page"}],"author":[{"embeddable":true,"href":"https:\/\/www.jaashow.fi\/se\/wp-json\/wp\/v2\/users\/1"}],"replies":[{"embeddable":true,"href":"https:\/\/www.jaashow.fi\/se\/wp-json\/wp\/v2\/comments?post=5408"}],"version-history":[{"count":41,"href":"https:\/\/www.jaashow.fi\/se\/wp-json\/wp\/v2\/pages\/5408\/revisions"}],"predecessor-version":[{"id":7814,"href":"https:\/\/www.jaashow.fi\/se\/wp-json\/wp\/v2\/pages\/5408\/revisions\/7814"}],"up":[{"embeddable":true,"href":"https:\/\/www.jaashow.fi\/se\/wp-json\/wp\/v2\/pages\/1629"}],"wp:attachment":[{"href":"https:\/\/www.jaashow.fi\/se\/wp-json\/wp\/v2\/media?parent=5408"}],"curies":[{"name":"wp","href":"https:\/\/api.w.org\/{rel}","templated":true}]}}