{"id":1733,"date":"2023-12-24T11:31:59","date_gmt":"2023-12-24T11:31:59","guid":{"rendered":"https:\/\/www.jaashow.fi\/sv\/?page_id=1733"},"modified":"2024-03-24T00:37:01","modified_gmt":"2024-03-24T00:37:01","slug":"ankkomst","status":"publish","type":"page","link":"https:\/\/www.jaashow.fi\/se\/ankkomst\/","title":{"rendered":"Ankomst"},"content":{"rendered":"\t\t<div data-elementor-type=\"wp-page\" data-elementor-id=\"1733\" class=\"elementor elementor-1733\">\n\t\t\t\t\t\t<section class=\"elementor-section elementor-top-section elementor-element elementor-element-794b6f92 elementor-section-full_width elementor-section-content-middle elementor-section-height-default elementor-section-height-default\" data-id=\"794b6f92\" data-element_type=\"section\" data-e-type=\"section\">\n\t\t\t\t\t\t<div class=\"elementor-container elementor-column-gap-default\">\n\t\t\t\t\t<div class=\"elementor-column elementor-col-100 elementor-top-column elementor-element elementor-element-5cc9f386\" data-id=\"5cc9f386\" data-element_type=\"column\" data-e-type=\"column\">\n\t\t\t<div class=\"elementor-widget-wrap elementor-element-populated\">\n\t\t\t\t\t\t<div class=\"elementor-element elementor-element-4c43097d elementor-widget elementor-widget-heading\" data-id=\"4c43097d\" data-element_type=\"widget\" data-e-type=\"widget\" data-widget_type=\"heading.default\">\n\t\t\t\t<div class=\"elementor-widget-container\">\n\t\t\t\t\t<h2 class=\"elementor-heading-title elementor-size-default\">ANKOMST INSTRUKTIONER<\/h2>\t\t\t\t<\/div>\n\t\t\t\t<\/div>\n\t\t\t\t\t<\/div>\n\t\t<\/div>\n\t\t\t\t\t<\/div>\n\t\t<\/section>\n\t\t\t\t<section class=\"elementor-section elementor-top-section elementor-element elementor-element-49a00c6f elementor-section-content-middle elementor-section-boxed elementor-section-height-default elementor-section-height-default\" data-id=\"49a00c6f\" data-element_type=\"section\" data-e-type=\"section\" data-settings=\"{&quot;background_background&quot;:&quot;classic&quot;}\">\n\t\t\t\t\t\t\t<div class=\"elementor-background-overlay\"><\/div>\n\t\t\t\t\t\t\t<div class=\"elementor-container elementor-column-gap-no\">\n\t\t\t\t\t<div class=\"elementor-column elementor-col-100 elementor-top-column elementor-element elementor-element-4a154f30\" data-id=\"4a154f30\" data-element_type=\"column\" data-e-type=\"column\">\n\t\t\t<div class=\"elementor-widget-wrap elementor-element-populated\">\n\t\t\t\t\t\t<div class=\"elementor-element elementor-element-381d1e76 elementor-widget elementor-widget-text-editor\" data-id=\"381d1e76\" data-element_type=\"widget\" data-e-type=\"widget\" data-widget_type=\"text-editor.default\">\n\t\t\t\t<div class=\"elementor-widget-container\">\n\t\t\t\t\t\t\t\t\t<h3><b>Kollektivtrafik<\/b><\/h3><p>Du kan n\u00e5 Helsingfors ishall med kollektivtrafik; <span class=\"hljs-selector-tag\">ytterligare<\/span> <span class=\"hljs-selector-tag\">information<\/span> <span class=\"hljs-selector-tag\">finns<\/span> <span class=\"hljs-selector-tag\">p<\/span>\u00e5 <a href=\"https:\/\/www.hsl.fi\/\"><span class=\"hljs-selector-tag\">HSL<\/span>:<span class=\"hljs-selector-tag\">s<\/span> <span class=\"hljs-selector-tag\">reseplanerare<\/span><\/a>. <span class=\"hljs-selector-tag\">Den<\/span> <span class=\"hljs-selector-tag\">n<\/span>\u00e4<span class=\"hljs-selector-tag\">rmaste<\/span> <span class=\"hljs-selector-tag\">t<\/span>\u00e5<span class=\"hljs-selector-tag\">gstationen<\/span> \u00e4<span class=\"hljs-selector-tag\">r<\/span> <span class=\"hljs-selector-tag\">i<\/span> <span class=\"hljs-selector-tag\">Pasila<\/span> (<span class=\"hljs-number\">1<\/span>,<span class=\"hljs-number\">5<\/span> kilometer bort).<\/p><h3><b><span class=\"hljs-selector-tag\">Med<\/span> <span class=\"hljs-selector-tag\">Cykel<\/span><\/b><\/h3><p><span class=\"hljs-selector-tag\">Det<\/span><span class=\"hljs-selector-tag\">finns<\/span> <span class=\"hljs-selector-tag\">cykelst<\/span>\u00e4<span class=\"hljs-selector-tag\">ll<\/span> <span class=\"hljs-selector-tag\">p<\/span>\u00e5 <span class=\"hljs-selector-tag\">Urheilukatu<\/span> <span class=\"hljs-selector-tag\">och<\/span> <span class=\"hljs-selector-tag\">vid<\/span> <span class=\"hljs-selector-tag\">kanten<\/span> <span class=\"hljs-selector-tag\">av<\/span> <span class=\"hljs-selector-tag\">Auroranportti<\/span> (Barnens Trafikpark).<b> <\/b><\/p><h3><b><span class=\"hljs-selector-tag\">Med<\/span> <span class=\"hljs-selector-tag\">Bil<\/span><\/b><\/h3><p><span class=\"hljs-selector-tag\">Parkeringen<\/span><span class=\"hljs-selector-tag\">vid<\/span> <span class=\"hljs-selector-tag\">ishallen<\/span> \u00e4<span class=\"hljs-selector-tag\">r<\/span> <span class=\"hljs-selector-tag\">begr<\/span>\u00e4<span class=\"hljs-selector-tag\">nsad<\/span>, <span class=\"hljs-selector-tag\">s<\/span>\u00e5 <span class=\"hljs-selector-tag\">vi<\/span> <span class=\"hljs-selector-tag\">rekommenderar<\/span> <span class=\"hljs-selector-tag\">att<\/span> <span class=\"hljs-selector-tag\">undvika<\/span> <span class=\"hljs-selector-tag\">att<\/span> <span class=\"hljs-selector-tag\">komma<\/span> <span class=\"hljs-selector-tag\">med<\/span> <span class=\"hljs-selector-tag\">bil<\/span>. <span class=\"hljs-selector-tag\">I<\/span> <span class=\"hljs-selector-tag\">n<\/span>\u00e4<span class=\"hljs-selector-tag\">rheten<\/span> <span class=\"hljs-selector-tag\">finns<\/span> <span class=\"hljs-selector-tag\">b<\/span>\u00e5<span class=\"hljs-selector-tag\">de<\/span> <span class=\"hljs-selector-tag\">betalparkeringar<\/span> <span class=\"hljs-selector-tag\">och<\/span> <span class=\"hljs-selector-tag\">gratis<\/span> <span class=\"hljs-selector-tag\">parkeringsomr<\/span>\u00e5<span class=\"hljs-selector-tag\">den<\/span>.<\/p><ul><li><span class=\"hljs-selector-tag\">Urheilukatu<\/span><\/li><li><span class=\"hljs-selector-tag\">Paavo<\/span> <span class=\"hljs-selector-tag\">Nurmen<\/span> <span class=\"hljs-selector-tag\">kuja<\/span><\/li><li><span class=\"hljs-selector-tag\">L<\/span>\u00e4\u00e4<span class=\"hljs-selector-tag\">k<\/span>\u00e4<span class=\"hljs-selector-tag\">rinkatu<\/span><\/li><li><span class=\"hljs-selector-tag\">M<\/span>\u00e4<span class=\"hljs-selector-tag\">ntym<\/span>\u00e4<span class=\"hljs-selector-tag\">entie<\/span><\/li><li><span class=\"hljs-selector-tag\">Vauhtitie<\/span>, <span class=\"hljs-selector-tag\">El<\/span>\u00e4<span class=\"hljs-selector-tag\">intarhan<\/span> <span class=\"hljs-selector-tag\">parkeringsomr<\/span>\u00e5<span class=\"hljs-selector-tag\"><span class=\"hljs-selector-tag\">de<\/span><\/span><\/li><\/ul><p><strong><span class=\"hljs-selector-tag\">Parkering<\/span> <span class=\"hljs-selector-tag\">i<\/span> <span class=\"hljs-selector-tag\">garage<\/span><\/strong><\/p><ul><li><span class=\"hljs-selector-tag\">P1-Palkkatilanportti<\/span><\/li><li><span class=\"hljs-selector-tag\">P<\/span><span class=\"hljs-selector-tag\">-T<\/span>\u00f6\u00f6<span class=\"hljs-selector-tag\">l<\/span>\u00f6<\/li><li><span class=\"hljs-selector-tag\">Triplaparkki<\/span>, <span class=\"hljs-selector-tag\">Mall<\/span> <span class=\"hljs-selector-tag\">of<\/span> <span class=\"hljs-selector-tag\">Tripla<\/span><\/li><li><span class=\"hljs-selector-tag\">P<\/span><span class=\"hljs-selector-tag\">-Maistraatti<\/span><\/li><li><span class=\"hljs-selector-tag\">P<\/span><span class=\"hljs-selector-tag\">-Resiina<\/span><\/li><li><span class=\"hljs-selector-tag\">P<\/span><span class=\"hljs-selector-tag\">-Veturi<\/span><\/li><\/ul>\t\t\t\t\t\t\t\t<\/div>\n\t\t\t\t<\/div>\n\t\t\t\t\t<\/div>\n\t\t<\/div>\n\t\t\t\t\t<\/div>\n\t\t<\/section>\n\t\t\t\t<\/div>\n\t\t","protected":false},"excerpt":{"rendered":"<p>ANKOMST INSTRUKTIONER Kollektivtrafik Du kan n\u00e5 Helsingfors ishall med kollektivtrafik; ytterligare information finns p\u00e5 HSL:s reseplanerare. Den n\u00e4rmaste t\u00e5gstationen \u00e4r [&hellip;]<\/p>\n","protected":false},"author":1,"featured_media":0,"parent":0,"menu_order":0,"comment_status":"closed","ping_status":"closed","template":"","meta":{"site-sidebar-layout":"no-sidebar","site-content-layout":"","ast-site-content-layout":"full-width-container","site-content-style":"default","site-sidebar-style":"default","ast-global-header-display":"","ast-banner-title-visibility":"","ast-main-header-display":"","ast-hfb-above-header-display":"","ast-hfb-below-header-display":"","ast-hfb-mobile-header-display":"","site-post-title":"disabled","ast-breadcrumbs-content":"","ast-featured-img":"disabled","footer-sml-layout":"","ast-disable-related-posts":"","theme-transparent-header-meta":"","adv-header-id-meta":"","stick-header-meta":"","header-above-stick-meta":"","header-main-stick-meta":"","header-below-stick-meta":"","astra-migrate-meta-layouts":"default","ast-page-background-enabled":"default","ast-page-background-meta":{"desktop":{"background-color":"var(--ast-global-color-4)","background-image":"","background-repeat":"repeat","background-position":"center center","background-size":"auto","background-attachment":"scroll","background-type":"","background-media":"","overlay-type":"","overlay-color":"","overlay-opacity":"","overlay-gradient":""},"tablet":{"background-color":"","background-image":"","background-repeat":"repeat","background-position":"center center","background-size":"auto","background-attachment":"scroll","background-type":"","background-media":"","overlay-type":"","overlay-color":"","overlay-opacity":"","overlay-gradient":""},"mobile":{"background-color":"","background-image":"","background-repeat":"repeat","background-position":"center center","background-size":"auto","background-attachment":"scroll","background-type":"","background-media":"","overlay-type":"","overlay-color":"","overlay-opacity":"","overlay-gradient":""}},"ast-content-background-meta":{"desktop":{"background-color":"var(--ast-global-color-5)","background-image":"","background-repeat":"repeat","background-position":"center center","background-size":"auto","background-attachment":"scroll","background-type":"","background-media":"","overlay-type":"","overlay-color":"","overlay-opacity":"","overlay-gradient":""},"tablet":{"background-color":"var(--ast-global-color-5)","background-image":"","background-repeat":"repeat","background-position":"center center","background-size":"auto","background-attachment":"scroll","background-type":"","background-media":"","overlay-type":"","overlay-color":"","overlay-opacity":"","overlay-gradient":""},"mobile":{"background-color":"var(--ast-global-color-5)","background-image":"","background-repeat":"repeat","background-position":"center center","background-size":"auto","background-attachment":"scroll","background-type":"","background-media":"","overlay-type":"","overlay-color":"","overlay-opacity":"","overlay-gradient":""}},"footnotes":""},"class_list":["post-1733","page","type-page","status-publish","hentry"],"yoast_head":"<!-- This site is optimized with the Yoast SEO plugin v27.5 - https:\/\/yoast.com\/product\/yoast-seo-wordpress\/ -->\n<title>Ankomst<\/title>\n<meta name=\"robots\" content=\"index, follow, max-snippet:-1, max-image-preview:large, max-video-preview:-1\" \/>\n<link rel=\"canonical\" href=\"https:\/\/www.jaashow.fi\/se\/ankkomst\/\" \/>\n<meta property=\"og:locale\" content=\"sv_SE\" \/>\n<meta property=\"og:locale:alternate\" content=\"fi\" \/>\n<meta property=\"og:type\" content=\"article\" \/>\n<meta property=\"og:title\" content=\"Ankomst\" \/>\n<meta property=\"og:description\" content=\"ANKOMST INSTRUKTIONER Kollektivtrafik Du kan n\u00e5 Helsingfors ishall med kollektivtrafik; ytterligare information finns p\u00e5 HSL:s reseplanerare. Den n\u00e4rmaste t\u00e5gstationen \u00e4r [&hellip;]\" \/>\n<meta property=\"og:url\" content=\"https:\/\/www.jaashow.fi\/se\/ankkomst\/\" \/>\n<meta property=\"og:site_name\" content=\"J&auml;&auml;show\" \/>\n<meta property=\"article:publisher\" content=\"https:\/\/www.instagram.com\/jaashowpienimerenneito\/\" \/>\n<meta property=\"article:modified_time\" content=\"2024-03-24T00:37:01+00:00\" \/>\n<meta name=\"twitter:card\" content=\"summary_large_image\" \/>\n<script type=\"application\/ld+json\" class=\"yoast-schema-graph\">{\"@context\":\"https:\\\/\\\/schema.org\",\"@graph\":[{\"@type\":\"WebPage\",\"@id\":\"https:\\\/\\\/www.jaashow.fi\\\/se\\\/ankkomst\\\/\",\"url\":\"https:\\\/\\\/www.jaashow.fi\\\/se\\\/ankkomst\\\/\",\"name\":\"Ankomst\",\"isPartOf\":{\"@id\":\"https:\\\/\\\/www.jaashow.fi\\\/#website\"},\"datePublished\":\"2023-12-24T11:31:59+00:00\",\"dateModified\":\"2024-03-24T00:37:01+00:00\",\"breadcrumb\":{\"@id\":\"https:\\\/\\\/www.jaashow.fi\\\/se\\\/ankkomst\\\/#breadcrumb\"},\"inLanguage\":\"fi\",\"potentialAction\":[{\"@type\":\"ReadAction\",\"target\":[\"https:\\\/\\\/www.jaashow.fi\\\/se\\\/ankkomst\\\/\"]}]},{\"@type\":\"BreadcrumbList\",\"@id\":\"https:\\\/\\\/www.jaashow.fi\\\/se\\\/ankkomst\\\/#breadcrumb\",\"itemListElement\":[{\"@type\":\"ListItem\",\"position\":1,\"name\":\"Etusivu\",\"item\":\"https:\\\/\\\/www.jaashow.fi\\\/\"},{\"@type\":\"ListItem\",\"position\":2,\"name\":\"Ankomst\"}]},{\"@type\":\"WebSite\",\"@id\":\"https:\\\/\\\/www.jaashow.fi\\\/#website\",\"url\":\"https:\\\/\\\/www.jaashow.fi\\\/\",\"name\":\"J\u00e4\u00e4show Pieni Merenneito\",\"description\":\"J&auml;&auml;show Tuhkimo\",\"publisher\":{\"@id\":\"https:\\\/\\\/www.jaashow.fi\\\/#organization\"},\"potentialAction\":[{\"@type\":\"SearchAction\",\"target\":{\"@type\":\"EntryPoint\",\"urlTemplate\":\"https:\\\/\\\/www.jaashow.fi\\\/?s={search_term_string}\"},\"query-input\":{\"@type\":\"PropertyValueSpecification\",\"valueRequired\":true,\"valueName\":\"search_term_string\"}}],\"inLanguage\":\"fi\"},{\"@type\":\"Organization\",\"@id\":\"https:\\\/\\\/www.jaashow.fi\\\/#organization\",\"name\":\"Suomen Suurin J\u00e4\u00e4show\",\"url\":\"https:\\\/\\\/www.jaashow.fi\\\/\",\"logo\":{\"@type\":\"ImageObject\",\"inLanguage\":\"fi\",\"@id\":\"https:\\\/\\\/www.jaashow.fi\\\/#\\\/schema\\\/logo\\\/image\\\/\",\"url\":\"https:\\\/\\\/www.jaashow.fi\\\/wp-content\\\/uploads\\\/2024\\\/12\\\/cropped-LOGO-Suuomen-suurin-jaashow-png.avif\",\"contentUrl\":\"https:\\\/\\\/www.jaashow.fi\\\/wp-content\\\/uploads\\\/2024\\\/12\\\/cropped-LOGO-Suuomen-suurin-jaashow-png.avif\",\"width\":338,\"height\":280,\"caption\":\"Suomen Suurin J\u00e4\u00e4show\"},\"image\":{\"@id\":\"https:\\\/\\\/www.jaashow.fi\\\/#\\\/schema\\\/logo\\\/image\\\/\"},\"sameAs\":[\"https:\\\/\\\/www.instagram.com\\\/jaashowpienimerenneito\\\/\"]}]}<\/script>\n<!-- \/ Yoast SEO plugin. -->","yoast_head_json":{"title":"Ankomst","robots":{"index":"index","follow":"follow","max-snippet":"max-snippet:-1","max-image-preview":"max-image-preview:large","max-video-preview":"max-video-preview:-1"},"canonical":"https:\/\/www.jaashow.fi\/se\/ankkomst\/","og_locale":"sv_SE","og_type":"article","og_title":"[:fi]Ankomst[:] - J&auml;&auml;show","og_description":"ANKOMST INSTRUKTIONER Kollektivtrafik Du kan n\u00e5 Helsingfors ishall med kollektivtrafik; ytterligare information finns p\u00e5 HSL:s reseplanerare. Den n\u00e4rmaste t\u00e5gstationen \u00e4r [&hellip;]","og_url":"https:\/\/www.jaashow.fi\/se\/ankkomst\/","og_site_name":"J&auml;&auml;show","article_publisher":"https:\/\/www.instagram.com\/jaashowpienimerenneito\/","article_modified_time":"2024-03-24T00:37:01+00:00","twitter_card":"summary_large_image","schema":{"@context":"https:\/\/schema.org","@graph":[{"@type":"WebPage","@id":"https:\/\/www.jaashow.fi\/se\/ankkomst\/","url":"https:\/\/www.jaashow.fi\/se\/ankkomst\/","name":"Ankomst","isPartOf":{"@id":"https:\/\/www.jaashow.fi\/#website"},"datePublished":"2023-12-24T11:31:59+00:00","dateModified":"2024-03-24T00:37:01+00:00","breadcrumb":{"@id":"https:\/\/www.jaashow.fi\/se\/ankkomst\/#breadcrumb"},"inLanguage":"fi","potentialAction":[{"@type":"ReadAction","target":["https:\/\/www.jaashow.fi\/se\/ankkomst\/"]}]},{"@type":"BreadcrumbList","@id":"https:\/\/www.jaashow.fi\/se\/ankkomst\/#breadcrumb","itemListElement":[{"@type":"ListItem","position":1,"name":"Etusivu","item":"https:\/\/www.jaashow.fi\/"},{"@type":"ListItem","position":2,"name":"Ankomst"}]},{"@type":"WebSite","@id":"https:\/\/www.jaashow.fi\/#website","url":"https:\/\/www.jaashow.fi\/","name":"J\u00e4\u00e4show Pieni Merenneito","description":"J&auml;&auml;show Tuhkimo","publisher":{"@id":"https:\/\/www.jaashow.fi\/#organization"},"potentialAction":[{"@type":"SearchAction","target":{"@type":"EntryPoint","urlTemplate":"https:\/\/www.jaashow.fi\/?s={search_term_string}"},"query-input":{"@type":"PropertyValueSpecification","valueRequired":true,"valueName":"search_term_string"}}],"inLanguage":"fi"},{"@type":"Organization","@id":"https:\/\/www.jaashow.fi\/#organization","name":"Suomen Suurin J\u00e4\u00e4show","url":"https:\/\/www.jaashow.fi\/","logo":{"@type":"ImageObject","inLanguage":"fi","@id":"https:\/\/www.jaashow.fi\/#\/schema\/logo\/image\/","url":"https:\/\/www.jaashow.fi\/wp-content\/uploads\/2024\/12\/cropped-LOGO-Suuomen-suurin-jaashow-png.avif","contentUrl":"https:\/\/www.jaashow.fi\/wp-content\/uploads\/2024\/12\/cropped-LOGO-Suuomen-suurin-jaashow-png.avif","width":338,"height":280,"caption":"Suomen Suurin J\u00e4\u00e4show"},"image":{"@id":"https:\/\/www.jaashow.fi\/#\/schema\/logo\/image\/"},"sameAs":["https:\/\/www.instagram.com\/jaashowpienimerenneito\/"]}]}},"_links":{"self":[{"href":"https:\/\/www.jaashow.fi\/se\/wp-json\/wp\/v2\/pages\/1733","targetHints":{"allow":["GET"]}}],"collection":[{"href":"https:\/\/www.jaashow.fi\/se\/wp-json\/wp\/v2\/pages"}],"about":[{"href":"https:\/\/www.jaashow.fi\/se\/wp-json\/wp\/v2\/types\/page"}],"author":[{"embeddable":true,"href":"https:\/\/www.jaashow.fi\/se\/wp-json\/wp\/v2\/users\/1"}],"replies":[{"embeddable":true,"href":"https:\/\/www.jaashow.fi\/se\/wp-json\/wp\/v2\/comments?post=1733"}],"version-history":[{"count":8,"href":"https:\/\/www.jaashow.fi\/se\/wp-json\/wp\/v2\/pages\/1733\/revisions"}],"predecessor-version":[{"id":5439,"href":"https:\/\/www.jaashow.fi\/se\/wp-json\/wp\/v2\/pages\/1733\/revisions\/5439"}],"wp:attachment":[{"href":"https:\/\/www.jaashow.fi\/se\/wp-json\/wp\/v2\/media?parent=1733"}],"curies":[{"name":"wp","href":"https:\/\/api.w.org\/{rel}","templated":true}]}}