{"id":5521,"date":"2024-03-24T07:35:16","date_gmt":"2024-03-24T07:35:16","guid":{"rendered":"https:\/\/www.jaashow.fi\/?page_id=5521"},"modified":"2025-03-22T09:18:59","modified_gmt":"2025-03-22T09:18:59","slug":"vip-ticket","status":"publish","type":"page","link":"https:\/\/www.jaashow.fi\/en\/cinderella\/vip-ticket\/","title":{"rendered":"VIP-ticket-information"},"content":{"rendered":"\t\t<div data-elementor-type=\"wp-page\" data-elementor-id=\"5521\" class=\"elementor elementor-5521\">\n\t\t\t\t<div class=\"elementor-element elementor-element-cbe0992 e-con-full e-flex e-con e-parent\" data-id=\"cbe0992\" data-element_type=\"container\" data-e-type=\"container\">\n\t\t<div class=\"elementor-element elementor-element-8a91916 e-con-full e-flex e-con e-child\" data-id=\"8a91916\" data-element_type=\"container\" data-e-type=\"container\">\n\t\t\t\t<div class=\"elementor-element elementor-element-3e9dc2f elementor-widget__width-initial elementor-widget-mobile__width-initial elementor-widget elementor-widget-heading\" data-id=\"3e9dc2f\" data-element_type=\"widget\" data-e-type=\"widget\" data-widget_type=\"heading.default\">\n\t\t\t\t<div class=\"elementor-widget-container\">\n\t\t\t\t\t<h2 class=\"elementor-heading-title elementor-size-default\">VIP TICKET INFORMATION<\/h2>\t\t\t\t<\/div>\n\t\t\t\t<\/div>\n\t\t\t\t<\/div>\n\t\t\t\t<\/div>\n\t\t<div class=\"elementor-element elementor-element-40bec9e e-con-full e-flex e-con e-parent\" data-id=\"40bec9e\" data-element_type=\"container\" data-e-type=\"container\">\n\t\t<div class=\"elementor-element elementor-element-2f8a93d e-con-full e-flex e-con e-child\" data-id=\"2f8a93d\" data-element_type=\"container\" data-e-type=\"container\">\n\t\t\t\t<div class=\"elementor-element elementor-element-7dd235a elementor-widget elementor-widget-text-editor\" data-id=\"7dd235a\" data-element_type=\"widget\" data-e-type=\"widget\" data-widget_type=\"text-editor.default\">\n\t\t\t\t<div class=\"elementor-widget-container\">\n\t\t\t\t\t\t\t\t\t<h3><strong>VIP BENEFITS<\/strong><\/h3><ul><li>For those who purchase VIP tickets, the best seating area is reserved.<\/li><li>Exclusive entrance from the parking lot side of the Helsinki Ice Hall. If you prefer, you may also use the main entrance from Nordenski\u00f6ldinkatu.<\/li><li>Meet &amp; Greet: Meet the characters before the show<\/li><\/ul><h3><strong>ARRIVAL<\/strong><\/h3><p>Arrive at the doors facing the parking lot of Helsinki Ice Hall, <strong>D-side<\/strong>, sign &#8220;VIP&#8221; above the entrance. Arrival instructions to the Helsinki Ice Hall can be found <a href=\"https:\/\/www.jaashow.fi\/en\/arrival-instructions\/\">here<\/a>.<\/p><p><strong>1st SHOW<\/strong> \u2013 VIP entrance opens at 11:15 AM.<\/p><p><strong>2nd SHOW<\/strong> \u2013 VIP entrance opens at 3:15 PM.<\/p><h3><strong>MEET &amp; GREET \u2013 Meeting Times<\/strong><\/h3><p><strong>1st SHOW<\/strong> \u2013 Character meeting time is from 11:30 AM to 12:00 PM. (The show starts at 12:30 PM)<\/p><p><strong>2nd SHOW<\/strong> \u2013 Character meeting time is from 3:30 PM to 4:00 PM. (The show starts at 4:30 PM)<\/p><ul><li><strong>Location:<\/strong> F-section mezzanine, entrance immediately to the left of the VIP entrance. A ticket inspector will guide you to the meeting location.<\/li><li>Please arrive on time and have your camera ready for a group photo.<\/li><li><strong>VIP Seating:<\/strong>\u00a0Remember to show your VIP ticket to the staff when moving to the VIP seating area.<\/li><\/ul><p><strong>If you have purchased the tickets as a gift, please forward these instructions to the recipient.<\/strong><\/p>\t\t\t\t\t\t\t\t<\/div>\n\t\t\t\t<\/div>\n\t\t\t\t<\/div>\n\t\t\t\t<\/div>\n\t\t<div class=\"elementor-element elementor-element-ba38f2c e-con-full elementor-hidden-desktop elementor-hidden-tablet elementor-hidden-mobile e-flex e-con e-parent\" data-id=\"ba38f2c\" data-element_type=\"container\" data-e-type=\"container\">\n\t\t<div class=\"elementor-element elementor-element-ed6d396 e-con-full e-flex e-con e-child\" data-id=\"ed6d396\" data-element_type=\"container\" data-e-type=\"container\">\n\t\t\t\t<div class=\"elementor-element elementor-element-fe0ef35 elementor-widget elementor-widget-text-editor\" data-id=\"fe0ef35\" data-element_type=\"widget\" data-e-type=\"widget\" data-widget_type=\"text-editor.default\">\n\t\t\t\t<div class=\"elementor-widget-container\">\n\t\t\t\t\t\t\t\t\t<h3><strong style=\"font-size: 1.6rem; font-style: inherit; text-align: var(--text-align); background-color: var(--ast-global-color-5);\">IMPORTANT ABOUT TICKETS<\/strong><\/h3><ul><li>Entry is only through the <a href=\"https:\/\/www.lippu.fi\/campaign\/en\/pass\">Lippu.fi app<\/a> (no physical tickets).<\/li><li>Check the functionality of your ticket in advance under &#8220;My Events&#8221;.<\/li><li>Offline tickets are available in the app after confirmation.<\/li><\/ul>\t\t\t\t\t\t\t\t<\/div>\n\t\t\t\t<\/div>\n\t\t\t\t<\/div>\n\t\t\t\t<\/div>\n\t\t<div class=\"elementor-element elementor-element-40f3eeba e-flex e-con-boxed e-con e-parent\" data-id=\"40f3eeba\" data-element_type=\"container\" data-e-type=\"container\" data-settings=\"{&quot;background_background&quot;:&quot;classic&quot;}\">\n\t\t\t\t\t<div class=\"e-con-inner\">\n\t\t<div class=\"elementor-element elementor-element-67132e5d e-con-full e-flex e-con e-child\" data-id=\"67132e5d\" data-element_type=\"container\" data-e-type=\"container\">\n\t\t\t\t<div class=\"elementor-element elementor-element-7af5a3ad elementor-widget__width-initial elementor-widget-tablet__width-initial elementor-widget-mobile__width-initial elementor-widget elementor-widget-text-editor\" data-id=\"7af5a3ad\" data-element_type=\"widget\" data-e-type=\"widget\" data-widget_type=\"text-editor.default\">\n\t\t\t\t<div class=\"elementor-widget-container\">\n\t\t\t\t\t\t\t\t\t<div class=\"w-full text-token-text-primary\" data-testid=\"conversation-turn-50\"><div class=\"px-4 py-2 justify-center text-base md:gap-6 m-auto\"><div class=\"flex flex-1 text-base mx-auto gap-3 md:px-5 lg:px-1 xl:px-5 md:max-w-3xl lg:max-w-[40rem] xl:max-w-[48rem] } group\"><div class=\"relative flex w-full flex-col lg:w-[calc(100%-115px)]\"><div class=\"flex-col gap-1 md:gap-3\"><div class=\"flex flex-grow flex-col max-w-full\"><div class=\"min-h-[20px] text-message flex flex-col items-start gap-3 whitespace-pre-wrap break-words [.text-message+&amp;]:mt-5 overflow-x-auto\" data-message-author-role=\"user\" data-message-id=\"aaa2950a-fabe-4e5d-98b4-095d99c34c11\"><p>Welcome to enjoy an unforgettable ice experience! <br \/>Get to know the roles and performers of the ice show in advance!<\/p><\/div><\/div><\/div><\/div><\/div><\/div><\/div>\t\t\t\t\t\t\t\t<\/div>\n\t\t\t\t<\/div>\n\t\t<div class=\"elementor-element elementor-element-6b8b86b9 e-flex e-con-boxed e-con e-child\" data-id=\"6b8b86b9\" data-element_type=\"container\" data-e-type=\"container\">\n\t\t\t\t\t<div class=\"e-con-inner\">\n\t\t\t\t<div class=\"elementor-element elementor-element-6e25fff1 elementor-widget elementor-widget-button\" data-id=\"6e25fff1\" data-element_type=\"widget\" data-e-type=\"widget\" data-widget_type=\"button.default\">\n\t\t\t\t<div class=\"elementor-widget-container\">\n\t\t\t\t\t\t\t\t\t<div class=\"elementor-button-wrapper\">\n\t\t\t\t\t<a class=\"elementor-button elementor-button-link elementor-size-sm\" href=\"https:\/\/www.jaashow.fi\/tuhkimo\/roolit\/\">\n\t\t\t\t\t\t<span class=\"elementor-button-content-wrapper\">\n\t\t\t\t\t\t\t\t\t<span class=\"elementor-button-text\">ROLES AND PERFORMERS (FI)<\/span>\n\t\t\t\t\t<\/span>\n\t\t\t\t\t<\/a>\n\t\t\t\t<\/div>\n\t\t\t\t\t\t\t\t<\/div>\n\t\t\t\t<\/div>\n\t\t\t\t\t<\/div>\n\t\t\t\t<\/div>\n\t\t\t\t<\/div>\n\t\t<div class=\"elementor-element elementor-element-6837f00a e-con-full e-flex e-con e-child\" data-id=\"6837f00a\" data-element_type=\"container\" data-e-type=\"container\">\n\t\t\t\t<div class=\"elementor-element elementor-element-217ab087 elementor-widget__width-initial elementor-widget-mobile__width-initial elementor-widget elementor-widget-image\" data-id=\"217ab087\" data-element_type=\"widget\" data-e-type=\"widget\" data-widget_type=\"image.default\">\n\t\t\t\t<div class=\"elementor-widget-container\">\n\t\t\t\t\t\t\t\t\t\t\t\t\t\t\t<img fetchpriority=\"high\" decoding=\"async\" width=\"683\" height=\"1024\" src=\"https:\/\/www.jaashow.fi\/wp-content\/uploads\/2025\/03\/SJ_HL_Tuhkimo-60-1-2.avif\" class=\"attachment-full size-full wp-image-7583\" alt=\"Helsingin Luistelijat - yksinluistelijat\" srcset=\"https:\/\/www.jaashow.fi\/wp-content\/uploads\/2025\/03\/SJ_HL_Tuhkimo-60-1-2.avif 683w, https:\/\/www.jaashow.fi\/wp-content\/uploads\/2025\/03\/SJ_HL_Tuhkimo-60-1-2-200x300.avif 200w\" sizes=\"(max-width: 683px) 100vw, 683px\" \/>\t\t\t\t\t\t\t\t\t\t\t\t\t\t\t<\/div>\n\t\t\t\t<\/div>\n\t\t\t\t<\/div>\n\t\t\t\t\t<\/div>\n\t\t\t\t<\/div>\n\t\t\t\t<\/div>\n\t\t","protected":false},"excerpt":{"rendered":"<p>J\u00c4\u00c4SHOW PIENI MERENNEITO K\u00c4SIOHJELMA ENSIMM\u00c4INEN PUOLIAIKA\u202f\u200b Tervetuloa merenalaiseen maailmaan, jossa tarumme alkaa ja lumoava seikkailu p\u00e4\u00e4see valloilleen.\u202fTarinassa on kohtia, joiden [&hellip;]<\/p>\n","protected":false},"author":1,"featured_media":0,"parent":370,"menu_order":0,"comment_status":"closed","ping_status":"closed","template":"","meta":{"site-sidebar-layout":"default","site-content-layout":"","ast-site-content-layout":"default","site-content-style":"default","site-sidebar-style":"default","ast-global-header-display":"","ast-banner-title-visibility":"","ast-main-header-display":"","ast-hfb-above-header-display":"","ast-hfb-below-header-display":"","ast-hfb-mobile-header-display":"","site-post-title":"disabled","ast-breadcrumbs-content":"","ast-featured-img":"","footer-sml-layout":"","ast-disable-related-posts":"","theme-transparent-header-meta":"","adv-header-id-meta":"","stick-header-meta":"","header-above-stick-meta":"","header-main-stick-meta":"","header-below-stick-meta":"","astra-migrate-meta-layouts":"default","ast-page-background-enabled":"default","ast-page-background-meta":{"desktop":{"background-color":"var(--ast-global-color-4)","background-image":"","background-repeat":"repeat","background-position":"center center","background-size":"auto","background-attachment":"scroll","background-type":"","background-media":"","overlay-type":"","overlay-color":"","overlay-opacity":"","overlay-gradient":""},"tablet":{"background-color":"","background-image":"","background-repeat":"repeat","background-position":"center center","background-size":"auto","background-attachment":"scroll","background-type":"","background-media":"","overlay-type":"","overlay-color":"","overlay-opacity":"","overlay-gradient":""},"mobile":{"background-color":"","background-image":"","background-repeat":"repeat","background-position":"center center","background-size":"auto","background-attachment":"scroll","background-type":"","background-media":"","overlay-type":"","overlay-color":"","overlay-opacity":"","overlay-gradient":""}},"ast-content-background-meta":{"desktop":{"background-color":"var(--ast-global-color-5)","background-image":"","background-repeat":"repeat","background-position":"center center","background-size":"auto","background-attachment":"scroll","background-type":"","background-media":"","overlay-type":"","overlay-color":"","overlay-opacity":"","overlay-gradient":""},"tablet":{"background-color":"var(--ast-global-color-5)","background-image":"","background-repeat":"repeat","background-position":"center center","background-size":"auto","background-attachment":"scroll","background-type":"","background-media":"","overlay-type":"","overlay-color":"","overlay-opacity":"","overlay-gradient":""},"mobile":{"background-color":"var(--ast-global-color-5)","background-image":"","background-repeat":"repeat","background-position":"center center","background-size":"auto","background-attachment":"scroll","background-type":"","background-media":"","overlay-type":"","overlay-color":"","overlay-opacity":"","overlay-gradient":""}},"footnotes":""},"class_list":["post-5521","page","type-page","status-publish","hentry"],"yoast_head":"<!-- This site is optimized with the Yoast SEO plugin v27.4 - https:\/\/yoast.com\/product\/yoast-seo-wordpress\/ -->\n<title>VIP-ticket-information<\/title>\n<meta name=\"description\" content=\"VIP Ticket benefits and information - Cinderella Ice Skating Show - Helsinki Ice Hall - 30.03.2025\" \/>\n<meta name=\"robots\" content=\"index, follow, max-snippet:-1, max-image-preview:large, max-video-preview:-1\" \/>\n<link rel=\"canonical\" href=\"https:\/\/www.jaashow.fi\/en\/cinderella\/vip-ticket\/\" \/>\n<meta property=\"og:locale\" content=\"en_US\" \/>\n<meta property=\"og:locale:alternate\" content=\"fi\" \/>\n<meta property=\"og:type\" content=\"article\" \/>\n<meta property=\"og:title\" content=\"VIP-ticket-information\" \/>\n<meta property=\"og:description\" content=\"VIP Ticket benefits and information - Cinderella Ice Skating Show - Helsinki Ice Hall - 30.03.2025\" \/>\n<meta property=\"og:url\" content=\"https:\/\/www.jaashow.fi\/en\/cinderella\/vip-ticket\/\" \/>\n<meta property=\"og:site_name\" content=\"THE LITTLE MERMAID - Ice Show\" \/>\n<meta property=\"article:publisher\" content=\"https:\/\/www.instagram.com\/jaashowpienimerenneito\/\" \/>\n<meta property=\"article:modified_time\" content=\"2025-03-22T09:18:59+00:00\" \/>\n<meta property=\"og:image\" content=\"https:\/\/www.jaashow.fi\/wp-content\/uploads\/2025\/03\/SJ_HL_Tuhkimo-60-1-2.avif\" \/>\n<meta name=\"twitter:card\" content=\"summary_large_image\" \/>\n<script type=\"application\/ld+json\" class=\"yoast-schema-graph\">{\"@context\":\"https:\\\/\\\/schema.org\",\"@graph\":[{\"@type\":\"WebPage\",\"@id\":\"https:\\\/\\\/www.jaashow.fi\\\/cinderella\\\/vip-ticket\\\/\",\"url\":\"https:\\\/\\\/www.jaashow.fi\\\/cinderella\\\/vip-ticket\\\/\",\"name\":\"VIP-ticket-information\",\"isPartOf\":{\"@id\":\"https:\\\/\\\/www.jaashow.fi\\\/#website\"},\"primaryImageOfPage\":{\"@id\":\"https:\\\/\\\/www.jaashow.fi\\\/cinderella\\\/vip-ticket\\\/#primaryimage\"},\"image\":{\"@id\":\"https:\\\/\\\/www.jaashow.fi\\\/cinderella\\\/vip-ticket\\\/#primaryimage\"},\"thumbnailUrl\":\"https:\\\/\\\/www.jaashow.fi\\\/wp-content\\\/uploads\\\/2025\\\/03\\\/SJ_HL_Tuhkimo-60-1-2.avif\",\"datePublished\":\"2024-03-24T07:35:16+00:00\",\"dateModified\":\"2025-03-22T09:18:59+00:00\",\"description\":\"VIP Ticket benefits and information - Cinderella Ice Skating Show - Helsinki Ice Hall - 30.03.2025\",\"breadcrumb\":{\"@id\":\"https:\\\/\\\/www.jaashow.fi\\\/cinderella\\\/vip-ticket\\\/#breadcrumb\"},\"inLanguage\":\"fi\",\"potentialAction\":[{\"@type\":\"ReadAction\",\"target\":[\"https:\\\/\\\/www.jaashow.fi\\\/cinderella\\\/vip-ticket\\\/\"]}]},{\"@type\":\"ImageObject\",\"inLanguage\":\"fi\",\"@id\":\"https:\\\/\\\/www.jaashow.fi\\\/cinderella\\\/vip-ticket\\\/#primaryimage\",\"url\":\"https:\\\/\\\/www.jaashow.fi\\\/wp-content\\\/uploads\\\/2025\\\/03\\\/SJ_HL_Tuhkimo-60-1-2.avif\",\"contentUrl\":\"https:\\\/\\\/www.jaashow.fi\\\/wp-content\\\/uploads\\\/2025\\\/03\\\/SJ_HL_Tuhkimo-60-1-2.avif\"},{\"@type\":\"BreadcrumbList\",\"@id\":\"https:\\\/\\\/www.jaashow.fi\\\/cinderella\\\/vip-ticket\\\/#breadcrumb\",\"itemListElement\":[{\"@type\":\"ListItem\",\"position\":1,\"name\":\"Etusivu\",\"item\":\"https:\\\/\\\/www.jaashow.fi\\\/\"},{\"@type\":\"ListItem\",\"position\":2,\"name\":\"Cinderella\",\"item\":\"https:\\\/\\\/www.jaashow.fi\\\/cinderella\\\/\"},{\"@type\":\"ListItem\",\"position\":3,\"name\":\"VIP-ticket-information\"}]},{\"@type\":\"WebSite\",\"@id\":\"https:\\\/\\\/www.jaashow.fi\\\/#website\",\"url\":\"https:\\\/\\\/www.jaashow.fi\\\/\",\"name\":\"J\u00e4\u00e4show Pieni Merenneito\",\"description\":\"ICE SHOW - THE LITTLE MERMAID\",\"publisher\":{\"@id\":\"https:\\\/\\\/www.jaashow.fi\\\/#organization\"},\"potentialAction\":[{\"@type\":\"SearchAction\",\"target\":{\"@type\":\"EntryPoint\",\"urlTemplate\":\"https:\\\/\\\/www.jaashow.fi\\\/?s={search_term_string}\"},\"query-input\":{\"@type\":\"PropertyValueSpecification\",\"valueRequired\":true,\"valueName\":\"search_term_string\"}}],\"inLanguage\":\"fi\"},{\"@type\":\"Organization\",\"@id\":\"https:\\\/\\\/www.jaashow.fi\\\/#organization\",\"name\":\"Suomen Suurin J\u00e4\u00e4show\",\"url\":\"https:\\\/\\\/www.jaashow.fi\\\/\",\"logo\":{\"@type\":\"ImageObject\",\"inLanguage\":\"fi\",\"@id\":\"https:\\\/\\\/www.jaashow.fi\\\/#\\\/schema\\\/logo\\\/image\\\/\",\"url\":\"https:\\\/\\\/www.jaashow.fi\\\/wp-content\\\/uploads\\\/2024\\\/12\\\/cropped-LOGO-Suuomen-suurin-jaashow-png.avif\",\"contentUrl\":\"https:\\\/\\\/www.jaashow.fi\\\/wp-content\\\/uploads\\\/2024\\\/12\\\/cropped-LOGO-Suuomen-suurin-jaashow-png.avif\",\"width\":338,\"height\":280,\"caption\":\"Suomen Suurin J\u00e4\u00e4show\"},\"image\":{\"@id\":\"https:\\\/\\\/www.jaashow.fi\\\/#\\\/schema\\\/logo\\\/image\\\/\"},\"sameAs\":[\"https:\\\/\\\/www.instagram.com\\\/jaashowpienimerenneito\\\/\"]}]}<\/script>\n<!-- \/ Yoast SEO plugin. -->","yoast_head_json":{"title":"VIP-ticket-information","description":"VIP Ticket benefits and information - Cinderella Ice Skating Show - Helsinki Ice Hall - 30.03.2025","robots":{"index":"index","follow":"follow","max-snippet":"max-snippet:-1","max-image-preview":"max-image-preview:large","max-video-preview":"max-video-preview:-1"},"canonical":"https:\/\/www.jaashow.fi\/en\/cinderella\/vip-ticket\/","og_locale":"en_US","og_type":"article","og_title":"[:fi]VIP-ticket-information[:] - THE LITTLE MERMAID - Ice Show","og_description":"[:fi]VIP Ticket benefits and information - Cinderella Ice Skating Show - Helsinki Ice Hall - 30.03.2025[:]","og_url":"https:\/\/www.jaashow.fi\/en\/cinderella\/vip-ticket\/","og_site_name":"THE LITTLE MERMAID - Ice Show","article_publisher":"https:\/\/www.instagram.com\/jaashowpienimerenneito\/","article_modified_time":"2025-03-22T09:18:59+00:00","og_image":[{"url":"https:\/\/www.jaashow.fi\/wp-content\/uploads\/2025\/03\/SJ_HL_Tuhkimo-60-1-2.avif","type":"","width":"","height":""}],"twitter_card":"summary_large_image","schema":{"@context":"https:\/\/schema.org","@graph":[{"@type":"WebPage","@id":"https:\/\/www.jaashow.fi\/cinderella\/vip-ticket\/","url":"https:\/\/www.jaashow.fi\/cinderella\/vip-ticket\/","name":"VIP-ticket-information","isPartOf":{"@id":"https:\/\/www.jaashow.fi\/#website"},"primaryImageOfPage":{"@id":"https:\/\/www.jaashow.fi\/cinderella\/vip-ticket\/#primaryimage"},"image":{"@id":"https:\/\/www.jaashow.fi\/cinderella\/vip-ticket\/#primaryimage"},"thumbnailUrl":"https:\/\/www.jaashow.fi\/wp-content\/uploads\/2025\/03\/SJ_HL_Tuhkimo-60-1-2.avif","datePublished":"2024-03-24T07:35:16+00:00","dateModified":"2025-03-22T09:18:59+00:00","description":"VIP Ticket benefits and information - Cinderella Ice Skating Show - Helsinki Ice Hall - 30.03.2025","breadcrumb":{"@id":"https:\/\/www.jaashow.fi\/cinderella\/vip-ticket\/#breadcrumb"},"inLanguage":"fi","potentialAction":[{"@type":"ReadAction","target":["https:\/\/www.jaashow.fi\/cinderella\/vip-ticket\/"]}]},{"@type":"ImageObject","inLanguage":"fi","@id":"https:\/\/www.jaashow.fi\/cinderella\/vip-ticket\/#primaryimage","url":"https:\/\/www.jaashow.fi\/wp-content\/uploads\/2025\/03\/SJ_HL_Tuhkimo-60-1-2.avif","contentUrl":"https:\/\/www.jaashow.fi\/wp-content\/uploads\/2025\/03\/SJ_HL_Tuhkimo-60-1-2.avif"},{"@type":"BreadcrumbList","@id":"https:\/\/www.jaashow.fi\/cinderella\/vip-ticket\/#breadcrumb","itemListElement":[{"@type":"ListItem","position":1,"name":"Etusivu","item":"https:\/\/www.jaashow.fi\/"},{"@type":"ListItem","position":2,"name":"Cinderella","item":"https:\/\/www.jaashow.fi\/cinderella\/"},{"@type":"ListItem","position":3,"name":"VIP-ticket-information"}]},{"@type":"WebSite","@id":"https:\/\/www.jaashow.fi\/#website","url":"https:\/\/www.jaashow.fi\/","name":"J\u00e4\u00e4show Pieni Merenneito","description":"ICE SHOW - THE LITTLE MERMAID","publisher":{"@id":"https:\/\/www.jaashow.fi\/#organization"},"potentialAction":[{"@type":"SearchAction","target":{"@type":"EntryPoint","urlTemplate":"https:\/\/www.jaashow.fi\/?s={search_term_string}"},"query-input":{"@type":"PropertyValueSpecification","valueRequired":true,"valueName":"search_term_string"}}],"inLanguage":"fi"},{"@type":"Organization","@id":"https:\/\/www.jaashow.fi\/#organization","name":"Suomen Suurin J\u00e4\u00e4show","url":"https:\/\/www.jaashow.fi\/","logo":{"@type":"ImageObject","inLanguage":"fi","@id":"https:\/\/www.jaashow.fi\/#\/schema\/logo\/image\/","url":"https:\/\/www.jaashow.fi\/wp-content\/uploads\/2024\/12\/cropped-LOGO-Suuomen-suurin-jaashow-png.avif","contentUrl":"https:\/\/www.jaashow.fi\/wp-content\/uploads\/2024\/12\/cropped-LOGO-Suuomen-suurin-jaashow-png.avif","width":338,"height":280,"caption":"Suomen Suurin J\u00e4\u00e4show"},"image":{"@id":"https:\/\/www.jaashow.fi\/#\/schema\/logo\/image\/"},"sameAs":["https:\/\/www.instagram.com\/jaashowpienimerenneito\/"]}]}},"_links":{"self":[{"href":"https:\/\/www.jaashow.fi\/en\/wp-json\/wp\/v2\/pages\/5521","targetHints":{"allow":["GET"]}}],"collection":[{"href":"https:\/\/www.jaashow.fi\/en\/wp-json\/wp\/v2\/pages"}],"about":[{"href":"https:\/\/www.jaashow.fi\/en\/wp-json\/wp\/v2\/types\/page"}],"author":[{"embeddable":true,"href":"https:\/\/www.jaashow.fi\/en\/wp-json\/wp\/v2\/users\/1"}],"replies":[{"embeddable":true,"href":"https:\/\/www.jaashow.fi\/en\/wp-json\/wp\/v2\/comments?post=5521"}],"version-history":[{"count":34,"href":"https:\/\/www.jaashow.fi\/en\/wp-json\/wp\/v2\/pages\/5521\/revisions"}],"predecessor-version":[{"id":7818,"href":"https:\/\/www.jaashow.fi\/en\/wp-json\/wp\/v2\/pages\/5521\/revisions\/7818"}],"up":[{"embeddable":true,"href":"https:\/\/www.jaashow.fi\/en\/wp-json\/wp\/v2\/pages\/370"}],"wp:attachment":[{"href":"https:\/\/www.jaashow.fi\/en\/wp-json\/wp\/v2\/media?parent=5521"}],"curies":[{"name":"wp","href":"https:\/\/api.w.org\/{rel}","templated":true}]}}