{"id":1244,"date":"2023-12-11T09:28:37","date_gmt":"2023-12-11T09:28:37","guid":{"rendered":"https:\/\/www.jaashow.fi\/en\/?page_id=1244"},"modified":"2025-03-19T20:45:50","modified_gmt":"2025-03-19T20:45:50","slug":"arrival-instructions","status":"publish","type":"page","link":"https:\/\/www.jaashow.fi\/en\/arrival-instructions\/","title":{"rendered":"Arrival instructions"},"content":{"rendered":"\t\t<div data-elementor-type=\"wp-page\" data-elementor-id=\"1244\" class=\"elementor elementor-1244\">\n\t\t\t\t\t\t<section class=\"elementor-section elementor-top-section elementor-element elementor-element-18bb52d2 elementor-section-full_width elementor-section-content-middle elementor-section-height-default elementor-section-height-default\" data-id=\"18bb52d2\" data-element_type=\"section\" data-e-type=\"section\">\n\t\t\t\t\t\t<div class=\"elementor-container elementor-column-gap-default\">\n\t\t\t\t\t<div class=\"elementor-column elementor-col-100 elementor-top-column elementor-element elementor-element-624df213\" data-id=\"624df213\" data-element_type=\"column\" data-e-type=\"column\">\n\t\t\t<div class=\"elementor-widget-wrap elementor-element-populated\">\n\t\t\t\t\t\t<div class=\"elementor-element elementor-element-23bc4739 elementor-widget elementor-widget-heading\" data-id=\"23bc4739\" data-element_type=\"widget\" data-e-type=\"widget\" data-widget_type=\"heading.default\">\n\t\t\t\t<div class=\"elementor-widget-container\">\n\t\t\t\t\t<h2 class=\"elementor-heading-title elementor-size-default\">Arrival instructions<\/h2>\t\t\t\t<\/div>\n\t\t\t\t<\/div>\n\t\t\t\t\t<\/div>\n\t\t<\/div>\n\t\t\t\t\t<\/div>\n\t\t<\/section>\n\t\t\t\t<section class=\"elementor-section elementor-top-section elementor-element elementor-element-1daf5ca elementor-section-content-middle elementor-section-boxed elementor-section-height-default elementor-section-height-default\" data-id=\"1daf5ca\" data-element_type=\"section\" data-e-type=\"section\" data-settings=\"{&quot;background_background&quot;:&quot;classic&quot;}\">\n\t\t\t\t\t\t\t<div class=\"elementor-background-overlay\"><\/div>\n\t\t\t\t\t\t\t<div class=\"elementor-container elementor-column-gap-no\">\n\t\t\t\t\t<div class=\"elementor-column elementor-col-100 elementor-top-column elementor-element elementor-element-5063e194\" data-id=\"5063e194\" data-element_type=\"column\" data-e-type=\"column\">\n\t\t\t<div class=\"elementor-widget-wrap elementor-element-populated\">\n\t\t\t\t\t\t<div class=\"elementor-element elementor-element-662d0af3 elementor-widget elementor-widget-text-editor\" data-id=\"662d0af3\" data-element_type=\"widget\" data-e-type=\"widget\" data-widget_type=\"text-editor.default\">\n\t\t\t\t<div class=\"elementor-widget-container\">\n\t\t\t\t\t\t\t\t\t<h3><b>Public Transportation<\/b><\/h3>\n<p><b><br \/><\/b>You can reach Helsinki Ice Hall by public transportation; additional information can be found on <a style=\"font-size: 17px; background-color: #ffffff;\" href=\"https:\/\/www.hsl.fi\">HSL&#8217;s Journey Planner<\/a><span style=\"font-size: 17px;\">. The closest train station is in Pasila (1.5 kilometers away).<\/span><\/p>\n<h3><b>By Bicycle<\/b><\/h3>\n<p><span style=\"font-size: 17px;\">Bike racks are available on Urheilukatu and at the edge of Auroranportti (Children&#8217;s Traffic Park).<\/span><\/p>\n<h3><b>By Car<br \/><\/b><\/h3>\n<p>Parking possibilities at the Ice Hall are limited, so we recommend avoiding arriving by car. Nearby, there are both paid and free parking areas.<b><br \/><\/b><\/p>\n<ul>\n<li>Urheilukatu<\/span><\/li>\n<li>Paavo Nurmen kuja<\/li>\n<li>L\u00e4\u00e4k\u00e4rinkatu<\/li>\n<li>M\u00e4ntym\u00e4entie<\/li>\n<li>Vauhtitie, El\u00e4intarhan parking area<\/li>\n<\/ul>\n<p><b>Parking Garages:<\/b><\/p>\n<ul>\n<li>P1-Palkkatilanportti<\/li>\n<li>P-T\u00f6\u00f6l\u00f6<\/li>\n<li>Triplaparkki, Mall of Tripla<\/li>\n<li>P-Maistraatti<\/li>\n<li>P-Resiina<\/li>\n<li>P-Veturi<\/li>\n<\/ul>\t\t\t\t\t\t\t\t<\/div>\n\t\t\t\t<\/div>\n\t\t\t\t\t<\/div>\n\t\t<\/div>\n\t\t\t\t\t<\/div>\n\t\t<\/section>\n\t\t\t\t<\/div>\n\t\t","protected":false},"excerpt":{"rendered":"<p>Arrival instructions Public Transportation: You can reach Helsinki Ice Hall by public transportation; additional information can be found on HSL&#8217;s [&hellip;]<\/p>\n","protected":false},"author":1,"featured_media":0,"parent":0,"menu_order":0,"comment_status":"closed","ping_status":"closed","template":"elementor_header_footer","meta":{"site-sidebar-layout":"default","site-content-layout":"","ast-site-content-layout":"default","site-content-style":"default","site-sidebar-style":"default","ast-global-header-display":"","ast-banner-title-visibility":"","ast-main-header-display":"","ast-hfb-above-header-display":"","ast-hfb-below-header-display":"","ast-hfb-mobile-header-display":"","site-post-title":"disabled","ast-breadcrumbs-content":"","ast-featured-img":"","footer-sml-layout":"","ast-disable-related-posts":"","theme-transparent-header-meta":"","adv-header-id-meta":"","stick-header-meta":"","header-above-stick-meta":"","header-main-stick-meta":"","header-below-stick-meta":"","astra-migrate-meta-layouts":"","ast-page-background-enabled":"default","ast-page-background-meta":{"desktop":{"background-color":"var(--ast-global-color-4)","background-image":"","background-repeat":"repeat","background-position":"center center","background-size":"auto","background-attachment":"scroll","background-type":"","background-media":"","overlay-type":"","overlay-color":"","overlay-opacity":"","overlay-gradient":""},"tablet":{"background-color":"","background-image":"","background-repeat":"repeat","background-position":"center center","background-size":"auto","background-attachment":"scroll","background-type":"","background-media":"","overlay-type":"","overlay-color":"","overlay-opacity":"","overlay-gradient":""},"mobile":{"background-color":"","background-image":"","background-repeat":"repeat","background-position":"center center","background-size":"auto","background-attachment":"scroll","background-type":"","background-media":"","overlay-type":"","overlay-color":"","overlay-opacity":"","overlay-gradient":""}},"ast-content-background-meta":{"desktop":{"background-color":"var(--ast-global-color-5)","background-image":"","background-repeat":"repeat","background-position":"center center","background-size":"auto","background-attachment":"scroll","background-type":"","background-media":"","overlay-type":"","overlay-color":"","overlay-opacity":"","overlay-gradient":""},"tablet":{"background-color":"var(--ast-global-color-5)","background-image":"","background-repeat":"repeat","background-position":"center center","background-size":"auto","background-attachment":"scroll","background-type":"","background-media":"","overlay-type":"","overlay-color":"","overlay-opacity":"","overlay-gradient":""},"mobile":{"background-color":"var(--ast-global-color-5)","background-image":"","background-repeat":"repeat","background-position":"center center","background-size":"auto","background-attachment":"scroll","background-type":"","background-media":"","overlay-type":"","overlay-color":"","overlay-opacity":"","overlay-gradient":""}},"footnotes":""},"class_list":["post-1244","page","type-page","status-publish","hentry"],"yoast_head":"<!-- This site is optimized with the Yoast SEO plugin v27.4 - https:\/\/yoast.com\/product\/yoast-seo-wordpress\/ -->\n<title>Arrival instructions<\/title>\n<meta name=\"description\" content=\"Arrival instructions Helsinki Ice Hall - Cinderella Ice skating Show - 30-03-2025\" \/>\n<meta name=\"robots\" content=\"index, follow, max-snippet:-1, max-image-preview:large, max-video-preview:-1\" \/>\n<link rel=\"canonical\" href=\"https:\/\/www.jaashow.fi\/en\/arrival-instructions\/\" \/>\n<meta property=\"og:locale\" content=\"en_US\" \/>\n<meta property=\"og:locale:alternate\" content=\"fi\" \/>\n<meta property=\"og:type\" content=\"article\" \/>\n<meta property=\"og:title\" content=\"Arrival instructions\" \/>\n<meta property=\"og:description\" content=\"Arrival instructions Helsinki Ice Hall - Cinderella Ice skating Show - 30-03-2025\" \/>\n<meta property=\"og:url\" content=\"https:\/\/www.jaashow.fi\/en\/arrival-instructions\/\" \/>\n<meta property=\"og:site_name\" content=\"THE LITTLE MERMAID - Ice Show\" \/>\n<meta property=\"article:publisher\" content=\"https:\/\/www.instagram.com\/jaashowpienimerenneito\/\" \/>\n<meta property=\"article:modified_time\" content=\"2025-03-19T20:45:50+00:00\" \/>\n<meta name=\"twitter:card\" content=\"summary_large_image\" \/>\n<meta name=\"twitter:label1\" content=\"Est. reading time\" \/>\n\t<meta name=\"twitter:data1\" content=\"1 minute\" \/>\n<script type=\"application\/ld+json\" class=\"yoast-schema-graph\">{\"@context\":\"https:\\\/\\\/schema.org\",\"@graph\":[{\"@type\":\"WebPage\",\"@id\":\"https:\\\/\\\/www.jaashow.fi\\\/arrival-instructions\\\/\",\"url\":\"https:\\\/\\\/www.jaashow.fi\\\/arrival-instructions\\\/\",\"name\":\"Arrival instructions\",\"isPartOf\":{\"@id\":\"https:\\\/\\\/www.jaashow.fi\\\/#website\"},\"datePublished\":\"2023-12-11T09:28:37+00:00\",\"dateModified\":\"2025-03-19T20:45:50+00:00\",\"description\":\"Arrival instructions Helsinki Ice Hall - Cinderella Ice skating Show - 30-03-2025\",\"breadcrumb\":{\"@id\":\"https:\\\/\\\/www.jaashow.fi\\\/arrival-instructions\\\/#breadcrumb\"},\"inLanguage\":\"fi\",\"potentialAction\":[{\"@type\":\"ReadAction\",\"target\":[\"https:\\\/\\\/www.jaashow.fi\\\/arrival-instructions\\\/\"]}]},{\"@type\":\"BreadcrumbList\",\"@id\":\"https:\\\/\\\/www.jaashow.fi\\\/arrival-instructions\\\/#breadcrumb\",\"itemListElement\":[{\"@type\":\"ListItem\",\"position\":1,\"name\":\"Etusivu\",\"item\":\"https:\\\/\\\/www.jaashow.fi\\\/\"},{\"@type\":\"ListItem\",\"position\":2,\"name\":\"Arrival instructions\"}]},{\"@type\":\"WebSite\",\"@id\":\"https:\\\/\\\/www.jaashow.fi\\\/#website\",\"url\":\"https:\\\/\\\/www.jaashow.fi\\\/\",\"name\":\"J\u00e4\u00e4show Pieni Merenneito\",\"description\":\"ICE SHOW - THE LITTLE MERMAID\",\"publisher\":{\"@id\":\"https:\\\/\\\/www.jaashow.fi\\\/#organization\"},\"potentialAction\":[{\"@type\":\"SearchAction\",\"target\":{\"@type\":\"EntryPoint\",\"urlTemplate\":\"https:\\\/\\\/www.jaashow.fi\\\/?s={search_term_string}\"},\"query-input\":{\"@type\":\"PropertyValueSpecification\",\"valueRequired\":true,\"valueName\":\"search_term_string\"}}],\"inLanguage\":\"fi\"},{\"@type\":\"Organization\",\"@id\":\"https:\\\/\\\/www.jaashow.fi\\\/#organization\",\"name\":\"Suomen Suurin J\u00e4\u00e4show\",\"url\":\"https:\\\/\\\/www.jaashow.fi\\\/\",\"logo\":{\"@type\":\"ImageObject\",\"inLanguage\":\"fi\",\"@id\":\"https:\\\/\\\/www.jaashow.fi\\\/#\\\/schema\\\/logo\\\/image\\\/\",\"url\":\"https:\\\/\\\/www.jaashow.fi\\\/wp-content\\\/uploads\\\/2024\\\/12\\\/cropped-LOGO-Suuomen-suurin-jaashow-png.avif\",\"contentUrl\":\"https:\\\/\\\/www.jaashow.fi\\\/wp-content\\\/uploads\\\/2024\\\/12\\\/cropped-LOGO-Suuomen-suurin-jaashow-png.avif\",\"width\":338,\"height\":280,\"caption\":\"Suomen Suurin J\u00e4\u00e4show\"},\"image\":{\"@id\":\"https:\\\/\\\/www.jaashow.fi\\\/#\\\/schema\\\/logo\\\/image\\\/\"},\"sameAs\":[\"https:\\\/\\\/www.instagram.com\\\/jaashowpienimerenneito\\\/\"]}]}<\/script>\n<!-- \/ Yoast SEO plugin. -->","yoast_head_json":{"title":"Arrival instructions","description":"Arrival instructions Helsinki Ice Hall - Cinderella Ice skating Show - 30-03-2025","robots":{"index":"index","follow":"follow","max-snippet":"max-snippet:-1","max-image-preview":"max-image-preview:large","max-video-preview":"max-video-preview:-1"},"canonical":"https:\/\/www.jaashow.fi\/en\/arrival-instructions\/","og_locale":"en_US","og_type":"article","og_title":"[:fi]Arrival instructions[:en]Arrival instructions[:] - THE LITTLE MERMAID - Ice Show","og_description":"[:fi]Arrival instructions Helsinki Ice Hall - Cinderella Ice skating Show - 30-03-2025[:]","og_url":"https:\/\/www.jaashow.fi\/en\/arrival-instructions\/","og_site_name":"THE LITTLE MERMAID - Ice Show","article_publisher":"https:\/\/www.instagram.com\/jaashowpienimerenneito\/","article_modified_time":"2025-03-19T20:45:50+00:00","twitter_card":"summary_large_image","twitter_misc":{"Est. reading time":"1 minute"},"schema":{"@context":"https:\/\/schema.org","@graph":[{"@type":"WebPage","@id":"https:\/\/www.jaashow.fi\/arrival-instructions\/","url":"https:\/\/www.jaashow.fi\/arrival-instructions\/","name":"Arrival instructions","isPartOf":{"@id":"https:\/\/www.jaashow.fi\/#website"},"datePublished":"2023-12-11T09:28:37+00:00","dateModified":"2025-03-19T20:45:50+00:00","description":"Arrival instructions Helsinki Ice Hall - Cinderella Ice skating Show - 30-03-2025","breadcrumb":{"@id":"https:\/\/www.jaashow.fi\/arrival-instructions\/#breadcrumb"},"inLanguage":"fi","potentialAction":[{"@type":"ReadAction","target":["https:\/\/www.jaashow.fi\/arrival-instructions\/"]}]},{"@type":"BreadcrumbList","@id":"https:\/\/www.jaashow.fi\/arrival-instructions\/#breadcrumb","itemListElement":[{"@type":"ListItem","position":1,"name":"Etusivu","item":"https:\/\/www.jaashow.fi\/"},{"@type":"ListItem","position":2,"name":"Arrival instructions"}]},{"@type":"WebSite","@id":"https:\/\/www.jaashow.fi\/#website","url":"https:\/\/www.jaashow.fi\/","name":"J\u00e4\u00e4show Pieni Merenneito","description":"ICE SHOW - THE LITTLE MERMAID","publisher":{"@id":"https:\/\/www.jaashow.fi\/#organization"},"potentialAction":[{"@type":"SearchAction","target":{"@type":"EntryPoint","urlTemplate":"https:\/\/www.jaashow.fi\/?s={search_term_string}"},"query-input":{"@type":"PropertyValueSpecification","valueRequired":true,"valueName":"search_term_string"}}],"inLanguage":"fi"},{"@type":"Organization","@id":"https:\/\/www.jaashow.fi\/#organization","name":"Suomen Suurin J\u00e4\u00e4show","url":"https:\/\/www.jaashow.fi\/","logo":{"@type":"ImageObject","inLanguage":"fi","@id":"https:\/\/www.jaashow.fi\/#\/schema\/logo\/image\/","url":"https:\/\/www.jaashow.fi\/wp-content\/uploads\/2024\/12\/cropped-LOGO-Suuomen-suurin-jaashow-png.avif","contentUrl":"https:\/\/www.jaashow.fi\/wp-content\/uploads\/2024\/12\/cropped-LOGO-Suuomen-suurin-jaashow-png.avif","width":338,"height":280,"caption":"Suomen Suurin J\u00e4\u00e4show"},"image":{"@id":"https:\/\/www.jaashow.fi\/#\/schema\/logo\/image\/"},"sameAs":["https:\/\/www.instagram.com\/jaashowpienimerenneito\/"]}]}},"_links":{"self":[{"href":"https:\/\/www.jaashow.fi\/en\/wp-json\/wp\/v2\/pages\/1244","targetHints":{"allow":["GET"]}}],"collection":[{"href":"https:\/\/www.jaashow.fi\/en\/wp-json\/wp\/v2\/pages"}],"about":[{"href":"https:\/\/www.jaashow.fi\/en\/wp-json\/wp\/v2\/types\/page"}],"author":[{"embeddable":true,"href":"https:\/\/www.jaashow.fi\/en\/wp-json\/wp\/v2\/users\/1"}],"replies":[{"embeddable":true,"href":"https:\/\/www.jaashow.fi\/en\/wp-json\/wp\/v2\/comments?post=1244"}],"version-history":[{"count":8,"href":"https:\/\/www.jaashow.fi\/en\/wp-json\/wp\/v2\/pages\/1244\/revisions"}],"predecessor-version":[{"id":7253,"href":"https:\/\/www.jaashow.fi\/en\/wp-json\/wp\/v2\/pages\/1244\/revisions\/7253"}],"wp:attachment":[{"href":"https:\/\/www.jaashow.fi\/en\/wp-json\/wp\/v2\/media?parent=1244"}],"curies":[{"name":"wp","href":"https:\/\/api.w.org\/{rel}","templated":true}]}}